{"id":22,"date":"2022-05-28T10:51:48","date_gmt":"2022-05-28T10:51:48","guid":{"rendered":"https:\/\/ref-kaiserstuhl-fisibach.ch\/cms\/?page_id=22"},"modified":"2025-12-02T13:13:48","modified_gmt":"2025-12-02T13:13:48","slug":"termine","status":"publish","type":"page","link":"https:\/\/ref-kaiserstuhl-fisibach.ch\/cms\/termine\/","title":{"rendered":"Termine"},"content":{"rendered":"\n<h2 class=\"wp-block-heading\">Gottesdienste 2025 \/ 26<\/h2>\n\n\n\n<p>14. Dezember, 18 Uhr, Weihnachtsfeier im Schulhaus Fisibach<\/p>\n\n\n\n<p>11. Januar 2026, 10 Uhr, Gottesdienst im Schulhaus Fisibach<\/p>\n\n\n\n<p>08. Februar, 10 Uhr, Gottesdienst im Schulhaus Fisibach<\/p>\n\n\n\n<p>08. M\u00e4rz, 10.30 Uhr, \u00f6kumenischer Suppensonntag im Schulhaus Fisibach<\/p>\n\n\n\n<p>15. M\u00e4rz, 10 Uhr, Gottesdienst im Schulhaus Fisibach, anschliessend GV<\/p>\n\n\n\n<p>05. April, 10 Uhr, Osterzmorge im Schulhaus Fisibach<\/p>\n\n\n\n<p>10. Mai, 10 Uhr, Gottesdienst in der Kapelle Fisibach<\/p>\n\n\n\n<p>28. Juni, 10 Uhr, Gottesdienst in der Kapelle Fisibach<\/p>\n\n\n\n<p>30. August, 11 Uhr, Bauernhofgottesdienst auf dem Lindengut<\/p>\n\n\n\n<p>20. September, 10 Uhr, Gottesdienst in der Kapelle Fisibach<\/p>\n\n\n\n<p>06. November, Filmabend im Schulhaus Fisibach<\/p>\n\n\n\n<p>08. November, 10 Uhr, Filmgottesdienst im Schulhaus Fisibach<\/p>\n\n\n\n<p>29. November, 10.30 Uhr, \u00f6kum. Adventsgottesdienst in Weiach<\/p>\n\n\n\n<p>13. Dezember, 18 Uhr, Weihnachtsfeier im Schulhaus Fisibach<\/p>\n\n\n\n<p><a href=\"https:\/\/ref-kaiserstuhl-fisibach.ch\/cms\/termine\/monatsnews-fisiblatt\/\">Siehe auch Fisiblatt als PDF-Datei zum Herunterladen<\/a><\/p>\n","protected":false},"excerpt":{"rendered":"<p>Gottesdienste 2025 \/ 26 14. Dezember, 18 Uhr, Weihnachtsfeier im Schulhaus Fisibach 11. Januar 2026, 10 Uhr, Gottesdienst im Schulhaus Fisibach 08. Februar, 10 Uhr, Gottesdienst im Schulhaus Fisibach 08. M\u00e4rz, 10.30 Uhr, \u00f6kumenischer Suppensonntag im Schulhaus Fisibach 15. M\u00e4rz, 10 Uhr, Gottesdienst im Schulhaus Fisibach, anschliessend GV 05. April, 10 Uhr, Osterzmorge im Schulhaus [&hellip;]<\/p>\n","protected":false},"author":1,"featured_media":362,"parent":0,"menu_order":0,"comment_status":"closed","ping_status":"closed","template":"templates\/template-cover.php","meta":{"footnotes":""},"class_list":["post-22","page","type-page","status-publish","has-post-thumbnail","hentry"],"_links":{"self":[{"href":"https:\/\/ref-kaiserstuhl-fisibach.ch\/cms\/wp-json\/wp\/v2\/pages\/22","targetHints":{"allow":["GET"]}}],"collection":[{"href":"https:\/\/ref-kaiserstuhl-fisibach.ch\/cms\/wp-json\/wp\/v2\/pages"}],"about":[{"href":"https:\/\/ref-kaiserstuhl-fisibach.ch\/cms\/wp-json\/wp\/v2\/types\/page"}],"author":[{"embeddable":true,"href":"https:\/\/ref-kaiserstuhl-fisibach.ch\/cms\/wp-json\/wp\/v2\/users\/1"}],"replies":[{"embeddable":true,"href":"https:\/\/ref-kaiserstuhl-fisibach.ch\/cms\/wp-json\/wp\/v2\/comments?post=22"}],"version-history":[{"count":37,"href":"https:\/\/ref-kaiserstuhl-fisibach.ch\/cms\/wp-json\/wp\/v2\/pages\/22\/revisions"}],"predecessor-version":[{"id":737,"href":"https:\/\/ref-kaiserstuhl-fisibach.ch\/cms\/wp-json\/wp\/v2\/pages\/22\/revisions\/737"}],"wp:featuredmedia":[{"embeddable":true,"href":"https:\/\/ref-kaiserstuhl-fisibach.ch\/cms\/wp-json\/wp\/v2\/media\/362"}],"wp:attachment":[{"href":"https:\/\/ref-kaiserstuhl-fisibach.ch\/cms\/wp-json\/wp\/v2\/media?parent=22"}],"curies":[{"name":"wp","href":"https:\/\/api.w.org\/{rel}","templated":true}]}}