{"id":39,"date":"2022-05-28T12:21:44","date_gmt":"2022-05-28T12:21:44","guid":{"rendered":"https:\/\/ref-kaiserstuhl-fisibach.ch\/cms\/?page_id=39"},"modified":"2022-08-14T20:11:52","modified_gmt":"2022-08-14T20:11:52","slug":"konfirmation","status":"publish","type":"page","link":"https:\/\/ref-kaiserstuhl-fisibach.ch\/cms\/im-lauf-des-lebens\/konfirmation\/","title":{"rendered":"Konfirmation"},"content":{"rendered":"\n<p>Die Konfirmation erfolgt in der Regel im 9. Schuljahr. Sie ist der Abschluss des kirchlichen Unterrichtes am Ende der obligatorischen Schulzeit.<br>Die Konfirmation ist eine Segensfeier f\u00fcr die Jugendlichen, die an der Schwelle zum Erwachsenwerden stehen. Dabei werden sie kirchlich m\u00fcndige Mitglieder der Kirche mit dem Stimmrecht und der M\u00f6glichkeit, ein kirchliches Amt zu \u00fcbernehmen und Gotte oder G\u00f6tti zu werden.<br>F\u00fcr Fragen rund um die Konfirmation steht Ihnen das Pfarramt gerne zur Verf\u00fcgung.<\/p>\n\n\n\n<p>>> Siehe auch <a href=\"https:\/\/ref-kaiserstuhl-fisibach.ch\/cms\/unsere-aktivitaeten\/konfirmandenunterricht\/\" data-type=\"page\">Konfirmandenunterricht<\/a><\/p>\n","protected":false},"excerpt":{"rendered":"<p>Die Konfirmation erfolgt in der Regel im 9. Schuljahr. Sie ist der Abschluss des kirchlichen Unterrichtes am Ende der obligatorischen Schulzeit.Die Konfirmation ist eine Segensfeier f\u00fcr die Jugendlichen, die an der Schwelle zum Erwachsenwerden stehen. Dabei werden sie kirchlich m\u00fcndige Mitglieder der Kirche mit dem Stimmrecht und der M\u00f6glichkeit, ein kirchliches Amt zu \u00fcbernehmen und [&hellip;]<\/p>\n","protected":false},"author":1,"featured_media":0,"parent":8,"menu_order":0,"comment_status":"closed","ping_status":"closed","template":"","meta":{"footnotes":""},"class_list":["post-39","page","type-page","status-publish","hentry"],"_links":{"self":[{"href":"https:\/\/ref-kaiserstuhl-fisibach.ch\/cms\/wp-json\/wp\/v2\/pages\/39","targetHints":{"allow":["GET"]}}],"collection":[{"href":"https:\/\/ref-kaiserstuhl-fisibach.ch\/cms\/wp-json\/wp\/v2\/pages"}],"about":[{"href":"https:\/\/ref-kaiserstuhl-fisibach.ch\/cms\/wp-json\/wp\/v2\/types\/page"}],"author":[{"embeddable":true,"href":"https:\/\/ref-kaiserstuhl-fisibach.ch\/cms\/wp-json\/wp\/v2\/users\/1"}],"replies":[{"embeddable":true,"href":"https:\/\/ref-kaiserstuhl-fisibach.ch\/cms\/wp-json\/wp\/v2\/comments?post=39"}],"version-history":[{"count":6,"href":"https:\/\/ref-kaiserstuhl-fisibach.ch\/cms\/wp-json\/wp\/v2\/pages\/39\/revisions"}],"predecessor-version":[{"id":382,"href":"https:\/\/ref-kaiserstuhl-fisibach.ch\/cms\/wp-json\/wp\/v2\/pages\/39\/revisions\/382"}],"up":[{"embeddable":true,"href":"https:\/\/ref-kaiserstuhl-fisibach.ch\/cms\/wp-json\/wp\/v2\/pages\/8"}],"wp:attachment":[{"href":"https:\/\/ref-kaiserstuhl-fisibach.ch\/cms\/wp-json\/wp\/v2\/media?parent=39"}],"curies":[{"name":"wp","href":"https:\/\/api.w.org\/{rel}","templated":true}]}}