{"id":41,"date":"2022-05-28T12:22:09","date_gmt":"2022-05-28T12:22:09","guid":{"rendered":"https:\/\/ref-kaiserstuhl-fisibach.ch\/cms\/?page_id=41"},"modified":"2022-06-04T16:58:39","modified_gmt":"2022-06-04T16:58:39","slug":"hochzeit","status":"publish","type":"page","link":"https:\/\/ref-kaiserstuhl-fisibach.ch\/cms\/im-lauf-des-lebens\/hochzeit\/","title":{"rendered":"Hochzeit"},"content":{"rendered":"\n<p>An Ihrem grossen Tag feiern wir gerne einen besonderen Gottesdienst mit Ihnen und Ihren G\u00e4sten.<br>Paare, die sich in unserer Gemeinde trauen lassen wollen, melden sich so fr\u00fch wie m\u00f6glich bei der Pfarrperson.<\/p>\n","protected":false},"excerpt":{"rendered":"<p>An Ihrem grossen Tag feiern wir gerne einen besonderen Gottesdienst mit Ihnen und Ihren G\u00e4sten.Paare, die sich in unserer Gemeinde trauen lassen wollen, melden sich so fr\u00fch wie m\u00f6glich bei der Pfarrperson.<\/p>\n","protected":false},"author":1,"featured_media":0,"parent":8,"menu_order":0,"comment_status":"closed","ping_status":"closed","template":"","meta":{"footnotes":""},"class_list":["post-41","page","type-page","status-publish","hentry"],"_links":{"self":[{"href":"https:\/\/ref-kaiserstuhl-fisibach.ch\/cms\/wp-json\/wp\/v2\/pages\/41","targetHints":{"allow":["GET"]}}],"collection":[{"href":"https:\/\/ref-kaiserstuhl-fisibach.ch\/cms\/wp-json\/wp\/v2\/pages"}],"about":[{"href":"https:\/\/ref-kaiserstuhl-fisibach.ch\/cms\/wp-json\/wp\/v2\/types\/page"}],"author":[{"embeddable":true,"href":"https:\/\/ref-kaiserstuhl-fisibach.ch\/cms\/wp-json\/wp\/v2\/users\/1"}],"replies":[{"embeddable":true,"href":"https:\/\/ref-kaiserstuhl-fisibach.ch\/cms\/wp-json\/wp\/v2\/comments?post=41"}],"version-history":[{"count":2,"href":"https:\/\/ref-kaiserstuhl-fisibach.ch\/cms\/wp-json\/wp\/v2\/pages\/41\/revisions"}],"predecessor-version":[{"id":223,"href":"https:\/\/ref-kaiserstuhl-fisibach.ch\/cms\/wp-json\/wp\/v2\/pages\/41\/revisions\/223"}],"up":[{"embeddable":true,"href":"https:\/\/ref-kaiserstuhl-fisibach.ch\/cms\/wp-json\/wp\/v2\/pages\/8"}],"wp:attachment":[{"href":"https:\/\/ref-kaiserstuhl-fisibach.ch\/cms\/wp-json\/wp\/v2\/media?parent=41"}],"curies":[{"name":"wp","href":"https:\/\/api.w.org\/{rel}","templated":true}]}}