{"id":45,"date":"2022-05-28T12:25:36","date_gmt":"2022-05-28T12:25:36","guid":{"rendered":"https:\/\/ref-kaiserstuhl-fisibach.ch\/cms\/?page_id=45"},"modified":"2022-06-04T16:58:06","modified_gmt":"2022-06-04T16:58:06","slug":"beerdigung","status":"publish","type":"page","link":"https:\/\/ref-kaiserstuhl-fisibach.ch\/cms\/im-lauf-des-lebens\/beerdigung\/","title":{"rendered":"Beerdigung"},"content":{"rendered":"\n<p>Der Abschied von einem geliebten Menschen ist f\u00fcr viele Menschen eine schwere Zeit. Wir sind gerne f\u00fcr Sie da und begleiten Sie auf diesem Weg. Wir lassen dem Tod nicht das letzte Wort, sondern sprechen im Abschiedsgottesdienst und am Grab von unserer Hoffnung und unserem Glauben.<\/p>\n\n\n\n<p>F\u00fcr die Durchf\u00fchrung der Trauerfeier nehmen Sie bitte mit dem Pfarramt Kontakt auf. Es wird gerne mit Ihnen in einem pers\u00f6nlichen Gespr\u00e4ch alles notwendige f\u00fcr eine w\u00fcrdige Trauerfeier in die Wege leiten.<\/p>\n","protected":false},"excerpt":{"rendered":"<p>Der Abschied von einem geliebten Menschen ist f\u00fcr viele Menschen eine schwere Zeit. Wir sind gerne f\u00fcr Sie da und begleiten Sie auf diesem Weg. Wir lassen dem Tod nicht das letzte Wort, sondern sprechen im Abschiedsgottesdienst und am Grab von unserer Hoffnung und unserem Glauben. F\u00fcr die Durchf\u00fchrung der Trauerfeier nehmen Sie bitte mit [&hellip;]<\/p>\n","protected":false},"author":1,"featured_media":0,"parent":8,"menu_order":0,"comment_status":"closed","ping_status":"closed","template":"","meta":{"footnotes":""},"class_list":["post-45","page","type-page","status-publish","hentry"],"_links":{"self":[{"href":"https:\/\/ref-kaiserstuhl-fisibach.ch\/cms\/wp-json\/wp\/v2\/pages\/45","targetHints":{"allow":["GET"]}}],"collection":[{"href":"https:\/\/ref-kaiserstuhl-fisibach.ch\/cms\/wp-json\/wp\/v2\/pages"}],"about":[{"href":"https:\/\/ref-kaiserstuhl-fisibach.ch\/cms\/wp-json\/wp\/v2\/types\/page"}],"author":[{"embeddable":true,"href":"https:\/\/ref-kaiserstuhl-fisibach.ch\/cms\/wp-json\/wp\/v2\/users\/1"}],"replies":[{"embeddable":true,"href":"https:\/\/ref-kaiserstuhl-fisibach.ch\/cms\/wp-json\/wp\/v2\/comments?post=45"}],"version-history":[{"count":2,"href":"https:\/\/ref-kaiserstuhl-fisibach.ch\/cms\/wp-json\/wp\/v2\/pages\/45\/revisions"}],"predecessor-version":[{"id":222,"href":"https:\/\/ref-kaiserstuhl-fisibach.ch\/cms\/wp-json\/wp\/v2\/pages\/45\/revisions\/222"}],"up":[{"embeddable":true,"href":"https:\/\/ref-kaiserstuhl-fisibach.ch\/cms\/wp-json\/wp\/v2\/pages\/8"}],"wp:attachment":[{"href":"https:\/\/ref-kaiserstuhl-fisibach.ch\/cms\/wp-json\/wp\/v2\/media?parent=45"}],"curies":[{"name":"wp","href":"https:\/\/api.w.org\/{rel}","templated":true}]}}