{"id":627,"date":"2024-04-27T14:59:45","date_gmt":"2024-04-27T14:59:45","guid":{"rendered":"https:\/\/ref-kaiserstuhl-fisibach.ch\/cms\/?page_id=627"},"modified":"2024-04-27T15:17:25","modified_gmt":"2024-04-27T15:17:25","slug":"foerderkonto","status":"publish","type":"page","link":"https:\/\/ref-kaiserstuhl-fisibach.ch\/cms\/foerderkonto\/","title":{"rendered":"F\u00f6rderkonto \u00abGemeindeleben\u00bb"},"content":{"rendered":"\n<h2 class=\"wp-block-heading\">Zweck<\/h2>\n\n\n\n<p>Das F\u00f6rderkonto stellt der ref. Kirchgenossenschaft Kaiserstuhl-Fisibach zus\u00e4tzliche finanzielle Mittel zur Verf\u00fcgung, um besondere Aktivit\u00e4ten und Anl\u00e4sse des Gemeindelebens zu erm\u00f6glichen.<\/p>\n\n\n\n<h2 class=\"wp-block-heading\"><strong>Vorteile des F\u00f6rderkontos<\/strong><\/h2>\n\n\n\n<ul class=\"wp-block-list\">\n<li>Mitglieder und Nichtmitglieder erhalten die M\u00f6glichkeit, das Gemeindeleben der Kirchgenossenschaft zu unterst\u00fctzen.<\/li>\n\n\n\n<li>Die Spenderinnen und Spender k\u00f6nnen ihren Betrag frei w\u00e4hlen.<\/li>\n\n\n\n<li>Die Spenden sind steuerabzugsberechtigt und werden einmal pro Jahr mit einer Spendenbescheinigung verdankt.<\/li>\n<\/ul>\n\n\n\n<p>Alle Anl\u00e4sse der Kirchgenossenschaft sind f\u00fcr die ganze Bev\u00f6lkerung offen. Damit wird nicht nur das kirchliche Leben gef\u00f6rdert, sondern auch ein Beitrag zu einem lebendigen Dorfleben geleistet.<\/p>\n\n\n\n<p>S\u00e4mtliche Programme und Anl\u00e4sse werden jeweils hier auf der Website aufgeschaltet.<\/p>\n\n\n\n<h2 class=\"wp-block-heading\"><strong>Wie k\u00f6nnen Sie unterst\u00fctzen?<\/strong><\/h2>\n\n\n\n<p>Die Kirchgenossenschaft freut sich \u00fcber jede Spende. Sie werden per Bank\u00fcberweisung, Posteinzahlung oder auch per TWINT entgegengenommen.<\/p>\n\n\n\n<p><strong>F\u00f6rderkonto \u00abGemeindeleben\u00bb<\/strong><br><strong>IBAN CH60 8080 8004 8419 0679 9<\/strong><\/p>\n\n\n\n<figure class=\"wp-block-image size-full is-resized\"><img loading=\"lazy\" decoding=\"async\" width=\"470\" height=\"578\" src=\"https:\/\/ref-kaiserstuhl-fisibach.ch\/cms\/wp-content\/uploads\/2024\/04\/TWINT-Foerderkonto.png\" alt=\"\" class=\"wp-image-628\" style=\"width:292px;height:auto\" srcset=\"https:\/\/ref-kaiserstuhl-fisibach.ch\/cms\/wp-content\/uploads\/2024\/04\/TWINT-Foerderkonto.png 470w, https:\/\/ref-kaiserstuhl-fisibach.ch\/cms\/wp-content\/uploads\/2024\/04\/TWINT-Foerderkonto-244x300.png 244w\" sizes=\"auto, (max-width: 470px) 100vw, 470px\" \/><\/figure>\n\n\n\n<p>Die Spenden sind steuerabzugsberechtigt. Spendennachweise k\u00f6nnen nur bei einer Posteinzahlung oder Bank\u00fcberweisung ausgestellt werden.<br>TWINT-Zahlungen sind anonym.<\/p>\n\n\n\n<p>W\u00fcnschen Sie weitere Informationen?<br>Die Mitglieder des Vorstandes oder die Pfarrerin stehen Ihnen f\u00fcr Ausk\u00fcnfte gerne zur Verf\u00fcgung.<\/p>\n\n\n\n<p><a href=\"https:\/\/ref-kaiserstuhl-fisibach.ch\/cms\/kontakte\/vorstand\/\" data-type=\"page\" data-id=\"93\">Pr\u00e4sident Rainer Gysel<\/a>, <em>Tel.: 044 858 24 49<\/em><\/p>\n\n\n\n<p><a href=\"https:\/\/ref-kaiserstuhl-fisibach.ch\/cms\/kontakte\/pfarramt\/\" data-type=\"page\" data-id=\"91\">Pfarrerin Carina Meier<\/a>, <em>Tel.: 079 573 46 20<\/em><\/p>\n","protected":false},"excerpt":{"rendered":"<p>Zweck Das F\u00f6rderkonto stellt der ref. Kirchgenossenschaft Kaiserstuhl-Fisibach zus\u00e4tzliche finanzielle Mittel zur Verf\u00fcgung, um besondere Aktivit\u00e4ten und Anl\u00e4sse des Gemeindelebens zu erm\u00f6glichen. Vorteile des F\u00f6rderkontos Alle Anl\u00e4sse der Kirchgenossenschaft sind f\u00fcr die ganze Bev\u00f6lkerung offen. Damit wird nicht nur das kirchliche Leben gef\u00f6rdert, sondern auch ein Beitrag zu einem lebendigen Dorfleben geleistet. S\u00e4mtliche Programme und [&hellip;]<\/p>\n","protected":false},"author":1,"featured_media":0,"parent":0,"menu_order":0,"comment_status":"closed","ping_status":"closed","template":"","meta":{"footnotes":""},"class_list":["post-627","page","type-page","status-publish","hentry"],"_links":{"self":[{"href":"https:\/\/ref-kaiserstuhl-fisibach.ch\/cms\/wp-json\/wp\/v2\/pages\/627","targetHints":{"allow":["GET"]}}],"collection":[{"href":"https:\/\/ref-kaiserstuhl-fisibach.ch\/cms\/wp-json\/wp\/v2\/pages"}],"about":[{"href":"https:\/\/ref-kaiserstuhl-fisibach.ch\/cms\/wp-json\/wp\/v2\/types\/page"}],"author":[{"embeddable":true,"href":"https:\/\/ref-kaiserstuhl-fisibach.ch\/cms\/wp-json\/wp\/v2\/users\/1"}],"replies":[{"embeddable":true,"href":"https:\/\/ref-kaiserstuhl-fisibach.ch\/cms\/wp-json\/wp\/v2\/comments?post=627"}],"version-history":[{"count":1,"href":"https:\/\/ref-kaiserstuhl-fisibach.ch\/cms\/wp-json\/wp\/v2\/pages\/627\/revisions"}],"predecessor-version":[{"id":629,"href":"https:\/\/ref-kaiserstuhl-fisibach.ch\/cms\/wp-json\/wp\/v2\/pages\/627\/revisions\/629"}],"wp:attachment":[{"href":"https:\/\/ref-kaiserstuhl-fisibach.ch\/cms\/wp-json\/wp\/v2\/media?parent=627"}],"curies":[{"name":"wp","href":"https:\/\/api.w.org\/{rel}","templated":true}]}}