{"id":66,"date":"2022-05-28T12:30:20","date_gmt":"2022-05-28T12:30:20","guid":{"rendered":"https:\/\/ref-kaiserstuhl-fisibach.ch\/cms\/?page_id=66"},"modified":"2026-03-13T15:09:55","modified_gmt":"2026-03-13T15:09:55","slug":"familiengottesdienst","status":"publish","type":"page","link":"https:\/\/ref-kaiserstuhl-fisibach.ch\/cms\/unsere-aktivitaeten\/familiengottesdienst\/","title":{"rendered":"Familiengottesdienst"},"content":{"rendered":"\n<p>Zwei- bis dreimal pro Jahr feiern wir Familiengottesdienst. Das sind fr\u00f6hliche Gottesdienste f\u00fcr Jung und Alt. Wir singen kindergerechte Lieder, h\u00f6ren eine Geschichte und f\u00fcr die Kinder gibt es eine kreative Vertiefung, w\u00e4hrend sich die Erwachsenen mit dem Thema der Geschichte auseinandersetzen. Oftmals finden sie an besonderen Orten statt, wie zum Beispiel auf dem Bauernhof oder unter freiem Himmel. Auch die Gemeinschaft und das Essen d\u00fcrfen dabei nicht fehlen.<\/p>\n\n\n\n<p>Unsere n\u00e4chsten Familiengottesdienste:<\/p>\n\n\n\n<p><\/p>\n\n\n\n<p>5. April: 10 Uhr, Osterzmorge im Schulhaus Fisibach<\/p>\n\n\n\n<p>30. August, 11 Uhr, Bauernhofgottesdienst auf dem Lindengut<\/p>\n\n\n\n<p><a href=\"https:\/\/ref-kaiserstuhl-fisibach.ch\/cms\/termine\/\" data-type=\"page\" data-id=\"22\">&gt;&gt; Siehe auch Termine<\/a><\/p>\n","protected":false},"excerpt":{"rendered":"<p>Zwei- bis dreimal pro Jahr feiern wir Familiengottesdienst. Das sind fr\u00f6hliche Gottesdienste f\u00fcr Jung und Alt. Wir singen kindergerechte Lieder, h\u00f6ren eine Geschichte und f\u00fcr die Kinder gibt es eine kreative Vertiefung, w\u00e4hrend sich die Erwachsenen mit dem Thema der Geschichte auseinandersetzen. Oftmals finden sie an besonderen Orten statt, wie zum Beispiel auf dem Bauernhof [&hellip;]<\/p>\n","protected":false},"author":1,"featured_media":0,"parent":7,"menu_order":0,"comment_status":"closed","ping_status":"closed","template":"","meta":{"footnotes":""},"class_list":["post-66","page","type-page","status-publish","hentry"],"_links":{"self":[{"href":"https:\/\/ref-kaiserstuhl-fisibach.ch\/cms\/wp-json\/wp\/v2\/pages\/66","targetHints":{"allow":["GET"]}}],"collection":[{"href":"https:\/\/ref-kaiserstuhl-fisibach.ch\/cms\/wp-json\/wp\/v2\/pages"}],"about":[{"href":"https:\/\/ref-kaiserstuhl-fisibach.ch\/cms\/wp-json\/wp\/v2\/types\/page"}],"author":[{"embeddable":true,"href":"https:\/\/ref-kaiserstuhl-fisibach.ch\/cms\/wp-json\/wp\/v2\/users\/1"}],"replies":[{"embeddable":true,"href":"https:\/\/ref-kaiserstuhl-fisibach.ch\/cms\/wp-json\/wp\/v2\/comments?post=66"}],"version-history":[{"count":19,"href":"https:\/\/ref-kaiserstuhl-fisibach.ch\/cms\/wp-json\/wp\/v2\/pages\/66\/revisions"}],"predecessor-version":[{"id":758,"href":"https:\/\/ref-kaiserstuhl-fisibach.ch\/cms\/wp-json\/wp\/v2\/pages\/66\/revisions\/758"}],"up":[{"embeddable":true,"href":"https:\/\/ref-kaiserstuhl-fisibach.ch\/cms\/wp-json\/wp\/v2\/pages\/7"}],"wp:attachment":[{"href":"https:\/\/ref-kaiserstuhl-fisibach.ch\/cms\/wp-json\/wp\/v2\/media?parent=66"}],"curies":[{"name":"wp","href":"https:\/\/api.w.org\/{rel}","templated":true}]}}