{"id":68,"date":"2022-05-28T12:30:41","date_gmt":"2022-05-28T12:30:41","guid":{"rendered":"https:\/\/ref-kaiserstuhl-fisibach.ch\/cms\/?page_id=68"},"modified":"2025-12-02T13:17:16","modified_gmt":"2025-12-02T13:17:16","slug":"frauenfruehstueck","status":"publish","type":"page","link":"https:\/\/ref-kaiserstuhl-fisibach.ch\/cms\/unsere-aktivitaeten\/frauenfruehstueck\/","title":{"rendered":"Frauenfr\u00fchst\u00fcck"},"content":{"rendered":"\n<p>Das Frauenfr\u00fchst\u00fcck ist ein Anlass speziell f\u00fcr Frauen, der alle zwei Monate stattfindet. Wir geniessen jeweils ein kleines Fr\u00fchst\u00fcck, trinken einen feinen Tee oder Kaffee und machen uns Gedanken zu einem ausgew\u00e4hlten Thema.<\/p>\n\n\n\n<p>Wir treffen uns jeweils am Dienstagmorgen von 9.30 \u2013 11 Uhr im W\u00f6schh\u00fcsli an der Rheingasse in Kaiserstuhl.<\/p>\n\n\n\n<p>F\u00fcr Fragen melden Sie sich bei Pfarrerin Carina Meier.<\/p>\n\n\n\n<p><strong>Daten 2026:<\/strong><\/p>\n\n\n\n<p><\/p>\n\n\n\n<ul class=\"wp-block-list\">\n<li>10. Februar<\/li>\n\n\n\n<li>14. April<\/li>\n\n\n\n<li>16. Juni<\/li>\n\n\n\n<li>18. August<\/li>\n\n\n\n<li>20. Oktober<\/li>\n\n\n\n<li>1. Dezember<\/li>\n<\/ul>\n","protected":false},"excerpt":{"rendered":"<p>Das Frauenfr\u00fchst\u00fcck ist ein Anlass speziell f\u00fcr Frauen, der alle zwei Monate stattfindet. Wir geniessen jeweils ein kleines Fr\u00fchst\u00fcck, trinken einen feinen Tee oder Kaffee und machen uns Gedanken zu einem ausgew\u00e4hlten Thema. Wir treffen uns jeweils am Dienstagmorgen von 9.30 \u2013 11 Uhr im W\u00f6schh\u00fcsli an der Rheingasse in Kaiserstuhl. F\u00fcr Fragen melden Sie [&hellip;]<\/p>\n","protected":false},"author":1,"featured_media":0,"parent":7,"menu_order":0,"comment_status":"closed","ping_status":"closed","template":"","meta":{"footnotes":""},"class_list":["post-68","page","type-page","status-publish","hentry"],"_links":{"self":[{"href":"https:\/\/ref-kaiserstuhl-fisibach.ch\/cms\/wp-json\/wp\/v2\/pages\/68","targetHints":{"allow":["GET"]}}],"collection":[{"href":"https:\/\/ref-kaiserstuhl-fisibach.ch\/cms\/wp-json\/wp\/v2\/pages"}],"about":[{"href":"https:\/\/ref-kaiserstuhl-fisibach.ch\/cms\/wp-json\/wp\/v2\/types\/page"}],"author":[{"embeddable":true,"href":"https:\/\/ref-kaiserstuhl-fisibach.ch\/cms\/wp-json\/wp\/v2\/users\/1"}],"replies":[{"embeddable":true,"href":"https:\/\/ref-kaiserstuhl-fisibach.ch\/cms\/wp-json\/wp\/v2\/comments?post=68"}],"version-history":[{"count":14,"href":"https:\/\/ref-kaiserstuhl-fisibach.ch\/cms\/wp-json\/wp\/v2\/pages\/68\/revisions"}],"predecessor-version":[{"id":741,"href":"https:\/\/ref-kaiserstuhl-fisibach.ch\/cms\/wp-json\/wp\/v2\/pages\/68\/revisions\/741"}],"up":[{"embeddable":true,"href":"https:\/\/ref-kaiserstuhl-fisibach.ch\/cms\/wp-json\/wp\/v2\/pages\/7"}],"wp:attachment":[{"href":"https:\/\/ref-kaiserstuhl-fisibach.ch\/cms\/wp-json\/wp\/v2\/media?parent=68"}],"curies":[{"name":"wp","href":"https:\/\/api.w.org\/{rel}","templated":true}]}}