{"id":91,"date":"2022-05-28T12:45:41","date_gmt":"2022-05-28T12:45:41","guid":{"rendered":"https:\/\/ref-kaiserstuhl-fisibach.ch\/cms\/?page_id=91"},"modified":"2026-02-24T13:21:48","modified_gmt":"2026-02-24T13:21:48","slug":"pfarramt","status":"publish","type":"page","link":"https:\/\/ref-kaiserstuhl-fisibach.ch\/cms\/kontakte\/pfarramt\/","title":{"rendered":"Pfarramt"},"content":{"rendered":"\n<figure class=\"wp-block-image size-large\"><img loading=\"lazy\" decoding=\"async\" width=\"768\" height=\"1024\" src=\"https:\/\/ref-kaiserstuhl-fisibach.ch\/cms\/wp-content\/uploads\/2022\/07\/Carina-Meier-768x1024.jpg\" alt=\"\" class=\"wp-image-329\"\/><figcaption class=\"wp-element-caption\">Pfarrerin Carina Meier<\/figcaption><\/figure>\n\n\n\n<p class=\"has-text-align-left\"><strong>Pfarrerin Carina Meier<br>Kronenhofweg 15<br>6415 Arth<br>Natel 079 573 46 20<\/strong><\/p>\n\n\n\n<p><\/p>\n\n\n\n<p><a href=\"mailto:pfarramt@ref-kaiserstuhl-fisibach.ch\">pfarramt@ref-kaiserstuhl-fisibach.ch<\/a><\/p>\n\n\n\n<p>Als Pfarrerin liebe ich es, Menschen unterschiedlichen Alters und in verschiedenen Lebenslagen zu begegnen und zu begleiten, sei es in den regelm\u00e4ssigen Kinderprogrammen, bei den Gottesdiensten, oder bei einmaligen Anl\u00e4ssen wie Taufen, Hochzeiten, aber auch in schwierigen Momenten wie bei Todesf\u00e4llen. <\/p>\n\n\n\n<p>Es ist mir ein Anliegen, den christlichen Glauben als pers\u00f6nliches Fundament und Kraftquelle in all den unterschiedlichen Situationen zu entdecken und zu&nbsp; erleben. <\/p>\n\n\n\n<p>Wenn Sie Fragen oder ein Anliegen haben, melden Sie sich bei mir.<\/p>\n","protected":false},"excerpt":{"rendered":"<p>Pfarrerin Carina MeierKronenhofweg 156415 ArthNatel 079 573 46 20 pfarramt@ref-kaiserstuhl-fisibach.ch Als Pfarrerin liebe ich es, Menschen unterschiedlichen Alters und in verschiedenen Lebenslagen zu begegnen und zu begleiten, sei es in den regelm\u00e4ssigen Kinderprogrammen, bei den Gottesdiensten, oder bei einmaligen Anl\u00e4ssen wie Taufen, Hochzeiten, aber auch in schwierigen Momenten wie bei Todesf\u00e4llen. Es ist mir ein [&hellip;]<\/p>\n","protected":false},"author":1,"featured_media":0,"parent":6,"menu_order":0,"comment_status":"closed","ping_status":"closed","template":"","meta":{"footnotes":""},"class_list":["post-91","page","type-page","status-publish","hentry"],"_links":{"self":[{"href":"https:\/\/ref-kaiserstuhl-fisibach.ch\/cms\/wp-json\/wp\/v2\/pages\/91","targetHints":{"allow":["GET"]}}],"collection":[{"href":"https:\/\/ref-kaiserstuhl-fisibach.ch\/cms\/wp-json\/wp\/v2\/pages"}],"about":[{"href":"https:\/\/ref-kaiserstuhl-fisibach.ch\/cms\/wp-json\/wp\/v2\/types\/page"}],"author":[{"embeddable":true,"href":"https:\/\/ref-kaiserstuhl-fisibach.ch\/cms\/wp-json\/wp\/v2\/users\/1"}],"replies":[{"embeddable":true,"href":"https:\/\/ref-kaiserstuhl-fisibach.ch\/cms\/wp-json\/wp\/v2\/comments?post=91"}],"version-history":[{"count":10,"href":"https:\/\/ref-kaiserstuhl-fisibach.ch\/cms\/wp-json\/wp\/v2\/pages\/91\/revisions"}],"predecessor-version":[{"id":752,"href":"https:\/\/ref-kaiserstuhl-fisibach.ch\/cms\/wp-json\/wp\/v2\/pages\/91\/revisions\/752"}],"up":[{"embeddable":true,"href":"https:\/\/ref-kaiserstuhl-fisibach.ch\/cms\/wp-json\/wp\/v2\/pages\/6"}],"wp:attachment":[{"href":"https:\/\/ref-kaiserstuhl-fisibach.ch\/cms\/wp-json\/wp\/v2\/media?parent=91"}],"curies":[{"name":"wp","href":"https:\/\/api.w.org\/{rel}","templated":true}]}}